{"id":42,"date":"2014-10-16T21:35:38","date_gmt":"2014-10-16T19:35:38","guid":{"rendered":"http:\/\/www.rogaanews.eu\/thurner\/?page_id=42"},"modified":"2021-01-09T01:30:34","modified_gmt":"2021-01-08T23:30:34","slug":"geschichte","status":"publish","type":"page","link":"https:\/\/www.thurner-josef.it\/?page_id=42","title":{"rendered":"\u00dcBER UNS"},"content":{"rendered":"<p>Die Firma <strong>Thurner Josef<\/strong> besteht seit <strong>M\u00e4rz 1991<\/strong>.<\/p>\n<p>Der\u00a0<strong>Firmensitz<\/strong>\u00a0befindet sich in der Handwerkerzone in\u00a0Jenesien. Dazu\u00a0geh\u00f6ren, die B\u00fcror\u00e4ume, die Werkstatt mit Lagerraum und die Garage.<\/p>\n<p><a href=\"https:\/\/www.thurner-josef.it\/wordpress\/wp-content\/uploads\/2014\/10\/thurner-auto3.jpg\"><img loading=\"lazy\" width=\"700\" height=\"467\" class=\"alignnone size-full wp-image-96\" src=\"https:\/\/www.thurner-josef.it\/wordpress\/wp-content\/uploads\/2014\/10\/thurner-auto3.jpg\" alt=\"thurner-auto3\" srcset=\"https:\/\/www.thurner-josef.it\/wordpress\/wp-content\/uploads\/2014\/10\/thurner-auto3.jpg 700w, https:\/\/www.thurner-josef.it\/wordpress\/wp-content\/uploads\/2014\/10\/thurner-auto3-300x200.jpg 300w\" sizes=\"(max-width: 700px) 100vw, 700px\" \/><\/a><\/p>\n<p><strong>TEAM<\/strong><\/p>\n<p>Zur\u00a0<strong>Belegschaft<\/strong>\u00a0z\u00e4hlen, 4 Gesellen mit langj\u00e4hriger Erfahrung, eine Verwaltungsangestellte und\u00a0der Chef pers\u00f6nlich.<\/p>\n","protected":false},"excerpt":{"rendered":"<p>Die Firma Thurner Josef besteht seit M\u00e4rz 1991. Der\u00a0Firmensitz\u00a0befindet sich in der Handwerkerzone in\u00a0Jenesien. Dazu\u00a0geh\u00f6ren, die B\u00fcror\u00e4ume, die Werkstatt mit Lagerraum und die Garage. TEAM Zur\u00a0Belegschaft\u00a0z\u00e4hlen, 4 Gesellen mit langj\u00e4hriger Erfahrung, eine Verwaltungsangestellte und\u00a0der Chef pers\u00f6nlich.<\/p>\n","protected":false},"author":1,"featured_media":0,"parent":0,"menu_order":0,"comment_status":"closed","ping_status":"closed","template":"","meta":[],"yoast_head":"<!-- This site is optimized with the Yoast SEO plugin v17.8 - https:\/\/yoast.com\/wordpress\/plugins\/seo\/ -->\n<meta name=\"description\" content=\"Die Firma Thurner Josef besteht seit M\u00e4rz 1991. Der Firmensitz befindet sich in der Handwerkerzone in Jenesien.\" \/>\n<meta name=\"robots\" content=\"index, follow, max-snippet:-1, max-image-preview:large, max-video-preview:-1\" \/>\n<link rel=\"canonical\" href=\"https:\/\/www.thurner-josef.it\/?page_id=42\" \/>\n<meta property=\"og:locale\" content=\"de_DE\" \/>\n<meta property=\"og:type\" content=\"article\" \/>\n<meta property=\"og:title\" content=\"THURNER - \u00dcBER UNSCHI SIAMO - Sanit\u00e4r Anlagen\" \/>\n<meta property=\"og:description\" content=\"Die Firma Thurner Josef besteht seit M\u00e4rz 1991. Der Firmensitz befindet sich in der Handwerkerzone in Jenesien.\" \/>\n<meta property=\"og:url\" content=\"https:\/\/www.thurner-josef.it\/?page_id=42\" \/>\n<meta property=\"og:site_name\" content=\"THURNER\" \/>\n<meta property=\"article:modified_time\" content=\"2021-01-08T23:30:34+00:00\" \/>\n<meta property=\"og:image\" content=\"https:\/\/www.thurner-josef.it\/wordpress\/wp-content\/uploads\/2014\/10\/thurner-auto3.jpg\" \/>\n<script type=\"application\/ld+json\" class=\"yoast-schema-graph\">{\"@context\":\"https:\/\/schema.org\",\"@graph\":[{\"@type\":\"WebSite\",\"@id\":\"https:\/\/www.thurner-josef.it\/#website\",\"url\":\"https:\/\/www.thurner-josef.it\/\",\"name\":\"THURNER\",\"description\":\"\",\"potentialAction\":[{\"@type\":\"SearchAction\",\"target\":{\"@type\":\"EntryPoint\",\"urlTemplate\":\"https:\/\/www.thurner-josef.it\/?s={search_term_string}\"},\"query-input\":\"required name=search_term_string\"}],\"inLanguage\":\"de\"},{\"@type\":\"ImageObject\",\"@id\":\"https:\/\/www.thurner-josef.it\/?page_id=42#primaryimage\",\"inLanguage\":\"de\",\"url\":\"https:\/\/www.thurner-josef.it\/wordpress\/wp-content\/uploads\/2014\/10\/thurner-auto3.jpg\",\"contentUrl\":\"https:\/\/www.thurner-josef.it\/wordpress\/wp-content\/uploads\/2014\/10\/thurner-auto3.jpg\",\"width\":700,\"height\":467},{\"@type\":\"WebPage\",\"@id\":\"https:\/\/www.thurner-josef.it\/?page_id=42#webpage\",\"url\":\"https:\/\/www.thurner-josef.it\/?page_id=42\",\"name\":\"THURNER - \\u00dcBER UNSCHI SIAMO - Sanit\\u00e4r Anlagen\",\"isPartOf\":{\"@id\":\"https:\/\/www.thurner-josef.it\/#website\"},\"primaryImageOfPage\":{\"@id\":\"https:\/\/www.thurner-josef.it\/?page_id=42#primaryimage\"},\"datePublished\":\"2014-10-16T19:35:38+00:00\",\"dateModified\":\"2021-01-08T23:30:34+00:00\",\"description\":\"Die Firma Thurner Josef besteht seit M\\u00e4rz 1991. Der Firmensitz befindet sich in der Handwerkerzone in Jenesien.\",\"breadcrumb\":{\"@id\":\"https:\/\/www.thurner-josef.it\/?page_id=42#breadcrumb\"},\"inLanguage\":\"de\",\"potentialAction\":[{\"@type\":\"ReadAction\",\"target\":[\"https:\/\/www.thurner-josef.it\/?page_id=42\"]}]},{\"@type\":\"BreadcrumbList\",\"@id\":\"https:\/\/www.thurner-josef.it\/?page_id=42#breadcrumb\",\"itemListElement\":[{\"@type\":\"ListItem\",\"position\":1,\"name\":\"Home\",\"item\":\"https:\/\/www.thurner-josef.it\/\"},{\"@type\":\"ListItem\",\"position\":2,\"name\":\"\\u00dcBER UNS\"}]}]}<\/script>\n<!-- \/ Yoast SEO plugin. -->","yoast_head_json":{"description":"Die Firma Thurner Josef besteht seit M\u00e4rz 1991. Der Firmensitz befindet sich in der Handwerkerzone in Jenesien.","robots":{"index":"index","follow":"follow","max-snippet":"max-snippet:-1","max-image-preview":"max-image-preview:large","max-video-preview":"max-video-preview:-1"},"canonical":"https:\/\/www.thurner-josef.it\/?page_id=42","og_locale":"de_DE","og_type":"article","og_title":"THURNER - \u00dcBER UNSCHI SIAMO - Sanit\u00e4r Anlagen","og_description":"Die Firma Thurner Josef besteht seit M\u00e4rz 1991. Der Firmensitz befindet sich in der Handwerkerzone in Jenesien.","og_url":"https:\/\/www.thurner-josef.it\/?page_id=42","og_site_name":"THURNER","article_modified_time":"2021-01-08T23:30:34+00:00","og_image":[{"url":"https:\/\/www.thurner-josef.it\/wordpress\/wp-content\/uploads\/2014\/10\/thurner-auto3.jpg"}],"schema":{"@context":"https:\/\/schema.org","@graph":[{"@type":"WebSite","@id":"https:\/\/www.thurner-josef.it\/#website","url":"https:\/\/www.thurner-josef.it\/","name":"THURNER","description":"","potentialAction":[{"@type":"SearchAction","target":{"@type":"EntryPoint","urlTemplate":"https:\/\/www.thurner-josef.it\/?s={search_term_string}"},"query-input":"required name=search_term_string"}],"inLanguage":"de"},{"@type":"ImageObject","@id":"https:\/\/www.thurner-josef.it\/?page_id=42#primaryimage","inLanguage":"de","url":"https:\/\/www.thurner-josef.it\/wordpress\/wp-content\/uploads\/2014\/10\/thurner-auto3.jpg","contentUrl":"https:\/\/www.thurner-josef.it\/wordpress\/wp-content\/uploads\/2014\/10\/thurner-auto3.jpg","width":700,"height":467},{"@type":"WebPage","@id":"https:\/\/www.thurner-josef.it\/?page_id=42#webpage","url":"https:\/\/www.thurner-josef.it\/?page_id=42","name":"THURNER - \u00dcBER UNSCHI SIAMO - Sanit\u00e4r Anlagen","isPartOf":{"@id":"https:\/\/www.thurner-josef.it\/#website"},"primaryImageOfPage":{"@id":"https:\/\/www.thurner-josef.it\/?page_id=42#primaryimage"},"datePublished":"2014-10-16T19:35:38+00:00","dateModified":"2021-01-08T23:30:34+00:00","description":"Die Firma Thurner Josef besteht seit M\u00e4rz 1991. Der Firmensitz befindet sich in der Handwerkerzone in Jenesien.","breadcrumb":{"@id":"https:\/\/www.thurner-josef.it\/?page_id=42#breadcrumb"},"inLanguage":"de","potentialAction":[{"@type":"ReadAction","target":["https:\/\/www.thurner-josef.it\/?page_id=42"]}]},{"@type":"BreadcrumbList","@id":"https:\/\/www.thurner-josef.it\/?page_id=42#breadcrumb","itemListElement":[{"@type":"ListItem","position":1,"name":"Home","item":"https:\/\/www.thurner-josef.it\/"},{"@type":"ListItem","position":2,"name":"\u00dcBER UNS"}]}]}},"_links":{"self":[{"href":"https:\/\/www.thurner-josef.it\/index.php?rest_route=\/wp\/v2\/pages\/42"}],"collection":[{"href":"https:\/\/www.thurner-josef.it\/index.php?rest_route=\/wp\/v2\/pages"}],"about":[{"href":"https:\/\/www.thurner-josef.it\/index.php?rest_route=\/wp\/v2\/types\/page"}],"author":[{"embeddable":true,"href":"https:\/\/www.thurner-josef.it\/index.php?rest_route=\/wp\/v2\/users\/1"}],"replies":[{"embeddable":true,"href":"https:\/\/www.thurner-josef.it\/index.php?rest_route=%2Fwp%2Fv2%2Fcomments&post=42"}],"version-history":[{"count":3,"href":"https:\/\/www.thurner-josef.it\/index.php?rest_route=\/wp\/v2\/pages\/42\/revisions"}],"predecessor-version":[{"id":265,"href":"https:\/\/www.thurner-josef.it\/index.php?rest_route=\/wp\/v2\/pages\/42\/revisions\/265"}],"wp:attachment":[{"href":"https:\/\/www.thurner-josef.it\/index.php?rest_route=%2Fwp%2Fv2%2Fmedia&parent=42"}],"curies":[{"name":"wp","href":"https:\/\/api.w.org\/{rel}","templated":true}]}}