{"id":45,"date":"2014-10-16T21:37:16","date_gmt":"2014-10-16T19:37:16","guid":{"rendered":"http:\/\/www.rogaanews.eu\/thurner\/?page_id=45"},"modified":"2021-01-09T01:29:17","modified_gmt":"2021-01-08T23:29:17","slug":"leistungen","status":"publish","type":"page","link":"https:\/\/www.thurner-josef.it\/?page_id=45","title":{"rendered":"LEISTUNGEN"},"content":{"rendered":"<blockquote>\n<ul>\n<li>Sanit\u00e4r Anlagen, B\u00e4der &amp; Badgestaltung<\/li>\n<li>Heizungsanlagen f\u00fcr Gas und \u00d6l<\/li>\n<li>Hackschnitzelanlagen<\/li>\n<li>Pelletsanlagen<\/li>\n<li>St\u00fcckholz Anlagen<\/li>\n<li>W\u00e4rmepumpen<\/li>\n<li>Solaranlagen<\/li>\n<li>Regenwassernutzung<\/li>\n<li>Wasseraufbereitung<\/li>\n<li>Staubsauger Anlagen<\/li>\n<li>Kontrollierte Wohnrauml\u00fcftung<\/li>\n<li>Kundendienst und Wartung<\/li>\n<\/ul>\n<\/blockquote>\n<p><a href=\"https:\/\/www.thurner-josef.it\/wordpress\/wp-content\/uploads\/2014\/10\/DSC_0337-fr2.gif\"><img loading=\"lazy\" width=\"800\" height=\"321\" class=\"alignnone size-full wp-image-91\" src=\"https:\/\/www.thurner-josef.it\/wordpress\/wp-content\/uploads\/2014\/10\/DSC_0337-fr2.gif\" alt=\"DSC_0337-fr2\" \/><\/a><\/p>\n","protected":false},"excerpt":{"rendered":"<p>Sanit\u00e4r Anlagen, B\u00e4der &amp; Badgestaltung Heizungsanlagen f\u00fcr Gas und \u00d6l Hackschnitzelanlagen Pelletsanlagen St\u00fcckholz Anlagen W\u00e4rmepumpen Solaranlagen Regenwassernutzung Wasseraufbereitung Staubsauger Anlagen Kontrollierte Wohnrauml\u00fcftung Kundendienst und Wartung<\/p>\n","protected":false},"author":1,"featured_media":0,"parent":0,"menu_order":0,"comment_status":"closed","ping_status":"closed","template":"","meta":[],"yoast_head":"<!-- This site is optimized with the Yoast SEO plugin v17.8 - https:\/\/yoast.com\/wordpress\/plugins\/seo\/ -->\n<meta name=\"description\" content=\"Sanit\u00e4r Anlagen, B\u00e4der &amp; Badgestaltung, Heizungsanlagen f\u00fcr Gas und \u00d6l, Hackschnitzelanlagen, Pelletsanlagen, W\u00e4rmepumpen und Solaranlagen.\" \/>\n<meta name=\"robots\" content=\"index, follow, max-snippet:-1, max-image-preview:large, max-video-preview:-1\" \/>\n<link rel=\"canonical\" href=\"https:\/\/www.thurner-josef.it\/?page_id=45&#038;lang=it\" \/>\n<meta property=\"og:locale\" content=\"de_DE\" \/>\n<meta property=\"og:type\" content=\"article\" \/>\n<meta property=\"og:title\" content=\"THURNER - LEISTUNGENSERVIZI - Sanit\u00e4r Anlagen\" \/>\n<meta property=\"og:description\" content=\"Sanit\u00e4r Anlagen, B\u00e4der &amp; Badgestaltung, Heizungsanlagen f\u00fcr Gas und \u00d6l, Hackschnitzelanlagen, Pelletsanlagen, W\u00e4rmepumpen und Solaranlagen.\" \/>\n<meta property=\"og:url\" content=\"https:\/\/www.thurner-josef.it\/?page_id=45&amp;lang=it\" \/>\n<meta property=\"og:site_name\" content=\"THURNER\" \/>\n<meta property=\"article:modified_time\" content=\"2021-01-08T23:29:17+00:00\" \/>\n<meta property=\"og:image\" content=\"https:\/\/www.thurner-josef.it\/wordpress\/wp-content\/uploads\/2014\/10\/DSC_0337-fr2.gif\" \/>\n<script type=\"application\/ld+json\" class=\"yoast-schema-graph\">{\"@context\":\"https:\/\/schema.org\",\"@graph\":[{\"@type\":\"WebSite\",\"@id\":\"https:\/\/www.thurner-josef.it\/#website\",\"url\":\"https:\/\/www.thurner-josef.it\/\",\"name\":\"THURNER\",\"description\":\"\",\"potentialAction\":[{\"@type\":\"SearchAction\",\"target\":{\"@type\":\"EntryPoint\",\"urlTemplate\":\"https:\/\/www.thurner-josef.it\/?s={search_term_string}\"},\"query-input\":\"required name=search_term_string\"}],\"inLanguage\":\"de\"},{\"@type\":\"ImageObject\",\"@id\":\"https:\/\/www.thurner-josef.it\/?page_id=45&amp;lang=it#primaryimage\",\"inLanguage\":\"de\",\"url\":\"https:\/\/www.thurner-josef.it\/wordpress\/wp-content\/uploads\/2014\/10\/DSC_0337-fr2.gif\",\"contentUrl\":\"https:\/\/www.thurner-josef.it\/wordpress\/wp-content\/uploads\/2014\/10\/DSC_0337-fr2.gif\",\"width\":800,\"height\":321},{\"@type\":\"WebPage\",\"@id\":\"https:\/\/www.thurner-josef.it\/?page_id=45&amp;lang=it#webpage\",\"url\":\"https:\/\/www.thurner-josef.it\/?page_id=45&amp;lang=it\",\"name\":\"THURNER - LEISTUNGENSERVIZI - Sanit\\u00e4r Anlagen\",\"isPartOf\":{\"@id\":\"https:\/\/www.thurner-josef.it\/#website\"},\"primaryImageOfPage\":{\"@id\":\"https:\/\/www.thurner-josef.it\/?page_id=45&amp;lang=it#primaryimage\"},\"datePublished\":\"2014-10-16T19:37:16+00:00\",\"dateModified\":\"2021-01-08T23:29:17+00:00\",\"description\":\"Sanit\\u00e4r Anlagen, B\\u00e4der & Badgestaltung, Heizungsanlagen f\\u00fcr Gas und \\u00d6l, Hackschnitzelanlagen, Pelletsanlagen, W\\u00e4rmepumpen und Solaranlagen.\",\"breadcrumb\":{\"@id\":\"https:\/\/www.thurner-josef.it\/?page_id=45&amp;lang=it#breadcrumb\"},\"inLanguage\":\"de\",\"potentialAction\":[{\"@type\":\"ReadAction\",\"target\":[\"https:\/\/www.thurner-josef.it\/?page_id=45&amp;lang=it\"]}]},{\"@type\":\"BreadcrumbList\",\"@id\":\"https:\/\/www.thurner-josef.it\/?page_id=45&amp;lang=it#breadcrumb\",\"itemListElement\":[{\"@type\":\"ListItem\",\"position\":1,\"name\":\"Home\",\"item\":\"https:\/\/www.thurner-josef.it\/\"},{\"@type\":\"ListItem\",\"position\":2,\"name\":\"SERVIZI\"}]}]}<\/script>\n<!-- \/ Yoast SEO plugin. -->","yoast_head_json":{"description":"Sanit\u00e4r Anlagen, B\u00e4der & Badgestaltung, Heizungsanlagen f\u00fcr Gas und \u00d6l, Hackschnitzelanlagen, Pelletsanlagen, W\u00e4rmepumpen und Solaranlagen.","robots":{"index":"index","follow":"follow","max-snippet":"max-snippet:-1","max-image-preview":"max-image-preview:large","max-video-preview":"max-video-preview:-1"},"canonical":"https:\/\/www.thurner-josef.it\/?page_id=45&amp;lang=it","og_locale":"de_DE","og_type":"article","og_title":"THURNER - LEISTUNGENSERVIZI - Sanit\u00e4r Anlagen","og_description":"Sanit\u00e4r Anlagen, B\u00e4der & Badgestaltung, Heizungsanlagen f\u00fcr Gas und \u00d6l, Hackschnitzelanlagen, Pelletsanlagen, W\u00e4rmepumpen und Solaranlagen.","og_url":"https:\/\/www.thurner-josef.it\/?page_id=45&amp;lang=it","og_site_name":"THURNER","article_modified_time":"2021-01-08T23:29:17+00:00","og_image":[{"url":"https:\/\/www.thurner-josef.it\/wordpress\/wp-content\/uploads\/2014\/10\/DSC_0337-fr2.gif"}],"schema":{"@context":"https:\/\/schema.org","@graph":[{"@type":"WebSite","@id":"https:\/\/www.thurner-josef.it\/#website","url":"https:\/\/www.thurner-josef.it\/","name":"THURNER","description":"","potentialAction":[{"@type":"SearchAction","target":{"@type":"EntryPoint","urlTemplate":"https:\/\/www.thurner-josef.it\/?s={search_term_string}"},"query-input":"required name=search_term_string"}],"inLanguage":"de"},{"@type":"ImageObject","@id":"https:\/\/www.thurner-josef.it\/?page_id=45&amp;lang=it#primaryimage","inLanguage":"de","url":"https:\/\/www.thurner-josef.it\/wordpress\/wp-content\/uploads\/2014\/10\/DSC_0337-fr2.gif","contentUrl":"https:\/\/www.thurner-josef.it\/wordpress\/wp-content\/uploads\/2014\/10\/DSC_0337-fr2.gif","width":800,"height":321},{"@type":"WebPage","@id":"https:\/\/www.thurner-josef.it\/?page_id=45&amp;lang=it#webpage","url":"https:\/\/www.thurner-josef.it\/?page_id=45&amp;lang=it","name":"THURNER - LEISTUNGENSERVIZI - Sanit\u00e4r Anlagen","isPartOf":{"@id":"https:\/\/www.thurner-josef.it\/#website"},"primaryImageOfPage":{"@id":"https:\/\/www.thurner-josef.it\/?page_id=45&amp;lang=it#primaryimage"},"datePublished":"2014-10-16T19:37:16+00:00","dateModified":"2021-01-08T23:29:17+00:00","description":"Sanit\u00e4r Anlagen, B\u00e4der & Badgestaltung, Heizungsanlagen f\u00fcr Gas und \u00d6l, Hackschnitzelanlagen, Pelletsanlagen, W\u00e4rmepumpen und Solaranlagen.","breadcrumb":{"@id":"https:\/\/www.thurner-josef.it\/?page_id=45&amp;lang=it#breadcrumb"},"inLanguage":"de","potentialAction":[{"@type":"ReadAction","target":["https:\/\/www.thurner-josef.it\/?page_id=45&amp;lang=it"]}]},{"@type":"BreadcrumbList","@id":"https:\/\/www.thurner-josef.it\/?page_id=45&amp;lang=it#breadcrumb","itemListElement":[{"@type":"ListItem","position":1,"name":"Home","item":"https:\/\/www.thurner-josef.it\/"},{"@type":"ListItem","position":2,"name":"SERVIZI"}]}]}},"_links":{"self":[{"href":"https:\/\/www.thurner-josef.it\/index.php?rest_route=\/wp\/v2\/pages\/45"}],"collection":[{"href":"https:\/\/www.thurner-josef.it\/index.php?rest_route=\/wp\/v2\/pages"}],"about":[{"href":"https:\/\/www.thurner-josef.it\/index.php?rest_route=\/wp\/v2\/types\/page"}],"author":[{"embeddable":true,"href":"https:\/\/www.thurner-josef.it\/index.php?rest_route=\/wp\/v2\/users\/1"}],"replies":[{"embeddable":true,"href":"https:\/\/www.thurner-josef.it\/index.php?rest_route=%2Fwp%2Fv2%2Fcomments&post=45"}],"version-history":[{"count":1,"href":"https:\/\/www.thurner-josef.it\/index.php?rest_route=\/wp\/v2\/pages\/45\/revisions"}],"predecessor-version":[{"id":259,"href":"https:\/\/www.thurner-josef.it\/index.php?rest_route=\/wp\/v2\/pages\/45\/revisions\/259"}],"wp:attachment":[{"href":"https:\/\/www.thurner-josef.it\/index.php?rest_route=%2Fwp%2Fv2%2Fmedia&parent=45"}],"curies":[{"name":"wp","href":"https:\/\/api.w.org\/{rel}","templated":true}]}}